{"id":11,"date":"2024-12-13T07:29:16","date_gmt":"2024-12-13T07:29:16","guid":{"rendered":"http:\/\/drzewa.wiedzaolasach.pl\/?page_id=11"},"modified":"2024-12-13T09:40:23","modified_gmt":"2024-12-13T09:40:23","slug":"home","status":"publish","type":"page","link":"https:\/\/drzewa.wiedzaolasach.pl\/","title":{"rendered":"Home"},"content":{"rendered":"\t\t<div data-elementor-type=\"wp-page\" data-elementor-id=\"11\" class=\"elementor elementor-11\" data-elementor-post-type=\"page\">\n\t\t\t\t<div class=\"elementor-element elementor-element-ca723f2 animated-slow e-con-full e-flex elementor-invisible e-con e-parent\" data-id=\"ca723f2\" data-element_type=\"container\" data-settings=\"{&quot;background_background&quot;:&quot;gradient&quot;,&quot;animation&quot;:&quot;fadeInDown&quot;,&quot;animation_delay&quot;:500}\">\n\t\t<div class=\"elementor-element elementor-element-2dcd5fc e-con-full e-flex e-con e-child\" data-id=\"2dcd5fc\" data-element_type=\"container\">\n\t\t\t\t<div class=\"elementor-element elementor-element-31cc74b elementor-widget elementor-widget-heading\" data-id=\"31cc74b\" data-element_type=\"widget\" data-widget_type=\"heading.default\">\n\t\t\t\t<div class=\"elementor-widget-container\">\n\t\t\t<h2 class=\"elementor-heading-title elementor-size-default\">O projekcie<\/h2>\t\t<\/div>\n\t\t\t\t<\/div>\n\t\t\t\t<div class=\"elementor-element elementor-element-765a927 elementor-widget elementor-widget-text-editor\" data-id=\"765a927\" data-element_type=\"widget\" data-widget_type=\"text-editor.default\">\n\t\t\t\t<div class=\"elementor-widget-container\">\n\t\t\t\t\t\t\t<p>\u00a0 \u00a0 \u00a0Baza Drzew to wyj\u0105tkowe miejsce dla mi\u0142o\u015bnik\u00f3w przyrody, pasjonat\u00f3w le\u015bnictwa i wszystkich, kt\u00f3rzy chc\u0105 poszerzy\u0107 swoj\u0105 wiedz\u0119 o drzewach rosn\u0105cych w Polsce. Znajdziesz tu starannie opracowane opisy gatunk\u00f3w drzew, stworzone z zaanga\u017cowaniem przez uczni\u00f3w Technikum Le\u015bnego w Warcinie.Ka\u017cdy wpis zawiera szczeg\u00f3\u0142owe informacje o charakterystyce drzewa, jego wyst\u0119powaniu, znaczeniu ekologicznym oraz ciekawostki, kt\u00f3re z pewno\u015bci\u0105 zainspiruj\u0105 do bli\u017cszego poznania \u015bwiata przyrody. Baza Drzew to nie tylko kompendium wiedzy, ale tak\u017ce dow\u00f3d na pasj\u0119 i profesjonalizm m\u0142odych adept\u00f3w le\u015bnictwa.<\/p><p><strong>Zapraszamy do odkrywania fascynuj\u0105cego \u015bwiata drzew razem z nami! \ud83c\udf33<\/strong><\/p>\t\t\t\t\t\t<\/div>\n\t\t\t\t<\/div>\n\t\t\t\t<\/div>\n\t\t\t\t<\/div>\n\t\t<div class=\"elementor-element elementor-element-262b81c e-flex e-con-boxed elementor-invisible e-con e-parent\" data-id=\"262b81c\" data-element_type=\"container\" data-settings=\"{&quot;animation&quot;:&quot;fadeIn&quot;,&quot;animation_delay&quot;:600}\">\n\t\t\t\t\t<div class=\"e-con-inner\">\n\t\t\t\t<div class=\"elementor-element elementor-element-f14775a elementor-grid-3 elementor-grid-tablet-2 elementor-grid-mobile-1 elementor-widget elementor-widget-portfolio\" data-id=\"f14775a\" data-element_type=\"widget\" data-settings=\"{&quot;row_gap&quot;:{&quot;unit&quot;:&quot;px&quot;,&quot;size&quot;:20,&quot;sizes&quot;:[]},&quot;columns&quot;:&quot;3&quot;,&quot;columns_tablet&quot;:&quot;2&quot;,&quot;columns_mobile&quot;:&quot;1&quot;,&quot;item_ratio&quot;:{&quot;unit&quot;:&quot;px&quot;,&quot;size&quot;:0.66,&quot;sizes&quot;:[]},&quot;item_gap&quot;:{&quot;unit&quot;:&quot;px&quot;,&quot;size&quot;:&quot;&quot;,&quot;sizes&quot;:[]}}\" data-widget_type=\"portfolio.default\">\n\t\t\t\t<div class=\"elementor-widget-container\">\n\t\t\t\t\t<ul class=\"elementor-portfolio__filters\">\n\t\t\t<li class=\"elementor-portfolio__filter elementor-active\" tabindex=\"0\" data-filter=\"__all\">All<\/li>\n\t\t\t\t\t\t\t<li class=\"elementor-portfolio__filter\" tabindex=\"0\" data-filter=\"6\">Drzewa iglaste<\/li>\n\t\t\t\t\t<\/ul>\n\t\t\t\t<div class=\"elementor-portfolio elementor-grid elementor-posts-container\">\n\t\t\t\t<article class=\"elementor-portfolio-item elementor-post elementor-filter-6 post-32 post type-post status-publish format-standard has-post-thumbnail hentry category-drzewa-iglaste\">\n\t\t\t<a class=\"elementor-post__thumbnail__link\" href=\"https:\/\/drzewa.wiedzaolasach.pl\/index.php\/2024\/12\/13\/sosna-zwyczajna\/\">\n\t\t\t\t<div class=\"elementor-portfolio-item__img elementor-post__thumbnail\">\n\t\t\t<img fetchpriority=\"high\" decoding=\"async\" width=\"300\" height=\"200\" src=\"https:\/\/drzewa.wiedzaolasach.pl\/wp-content\/uploads\/2024\/12\/unnamed-300x200.jpg\" class=\"attachment-medium size-medium wp-image-40\" alt=\"\" srcset=\"https:\/\/drzewa.wiedzaolasach.pl\/wp-content\/uploads\/2024\/12\/unnamed-300x200.jpg 300w, https:\/\/drzewa.wiedzaolasach.pl\/wp-content\/uploads\/2024\/12\/unnamed.jpg 512w\" sizes=\"(max-width: 300px) 100vw, 300px\" \/>\t\t<\/div>\n\t\t\t\t<div class=\"elementor-portfolio-item__overlay\">\n\t\t\t\t<h3 class=\"elementor-portfolio-item__title\">\n\t\tSosna zwyczajna\t\t<\/h3>\n\t\t\t\t<\/div>\n\t\t\t\t<\/a>\n\t\t<\/article>\n\t\t\t\t<\/div>\n\t\t\t\t<\/div>\n\t\t\t\t<\/div>\n\t\t\t\t\t<\/div>\n\t\t\t\t<\/div>\n\t\t\t\t<\/div>\n\t\t","protected":false},"excerpt":{"rendered":"<p>O projekcie \u00a0 \u00a0 \u00a0Baza Drzew to wyj\u0105tkowe miejsce dla mi\u0142o\u015bnik\u00f3w przyrody, pasjonat\u00f3w le\u015bnictwa i wszystkich, kt\u00f3rzy chc\u0105 poszerzy\u0107 swoj\u0105 wiedz\u0119 o drzewach rosn\u0105cych w Polsce. Znajdziesz tu starannie opracowane opisy gatunk\u00f3w drzew, stworzone z zaanga\u017cowaniem przez uczni\u00f3w Technikum Le\u015bnego w Warcinie.Ka\u017cdy wpis zawiera szczeg\u00f3\u0142owe informacje o charakterystyce drzewa, jego wyst\u0119powaniu, znaczeniu ekologicznym oraz ciekawostki, [&hellip;]<\/p>\n","protected":false},"author":1,"featured_media":0,"parent":0,"menu_order":0,"comment_status":"closed","ping_status":"closed","template":"elementor_header_footer","meta":{"footnotes":""},"class_list":["post-11","page","type-page","status-publish","hentry"],"_links":{"self":[{"href":"https:\/\/drzewa.wiedzaolasach.pl\/index.php\/wp-json\/wp\/v2\/pages\/11","targetHints":{"allow":["GET"]}}],"collection":[{"href":"https:\/\/drzewa.wiedzaolasach.pl\/index.php\/wp-json\/wp\/v2\/pages"}],"about":[{"href":"https:\/\/drzewa.wiedzaolasach.pl\/index.php\/wp-json\/wp\/v2\/types\/page"}],"author":[{"embeddable":true,"href":"https:\/\/drzewa.wiedzaolasach.pl\/index.php\/wp-json\/wp\/v2\/users\/1"}],"replies":[{"embeddable":true,"href":"https:\/\/drzewa.wiedzaolasach.pl\/index.php\/wp-json\/wp\/v2\/comments?post=11"}],"version-history":[{"count":25,"href":"https:\/\/drzewa.wiedzaolasach.pl\/index.php\/wp-json\/wp\/v2\/pages\/11\/revisions"}],"predecessor-version":[{"id":94,"href":"https:\/\/drzewa.wiedzaolasach.pl\/index.php\/wp-json\/wp\/v2\/pages\/11\/revisions\/94"}],"wp:attachment":[{"href":"https:\/\/drzewa.wiedzaolasach.pl\/index.php\/wp-json\/wp\/v2\/media?parent=11"}],"curies":[{"name":"wp","href":"https:\/\/api.w.org\/{rel}","templated":true}]}}